{"id":54,"date":"2017-07-06T14:28:24","date_gmt":"2017-07-06T14:28:24","guid":{"rendered":"http:\/\/www.aufwaerts-donauperle.de\/?page_id=54"},"modified":"2024-09-07T21:34:46","modified_gmt":"2024-09-07T21:34:46","slug":"hauptverein","status":"publish","type":"page","link":"https:\/\/www.aufwaerts-donauperle.de\/","title":{"rendered":"Hauptverein"},"content":{"rendered":"<h1 style=\"text-align: left;\">Willkommen auf der Homepage von SKV G\u00e4uboden e.V.<\/h1>\n<h2 style=\"text-align: left;\">Sportkegelklub Aufw\u00e4rts Donauperle Straubing<\/h2>\n<h2 style=\"text-align: left;\">Vorstellung des Vereins<\/h2>\n<p style=\"text-align: left;\"><strong>a)\u00a0Rechtliche Darstellung:<\/strong><br \/>\nSportkegelverein G\u00e4uboden e.V., mit Sitz in 94330 Aiterhofen<br \/>\nGegr\u00fcndet am 11. M\u00e4rz 2010<br \/>\nEingetragen im Vereinsregister beim Amtsgericht Straubing<br \/>\nGemeinn\u00fctziger Verein lt. Bescheinigung des Finanzamtes Straubing<\/p>\n<p>Mitglied beim Bayerischen Sportkegler-Verband e.V. (BSKV) seit 01.06.2010<br \/>\nMitglied beim Bayerischen Landes-Sportverband e.V. (BLSV) seit 01.06.2010<\/p>\n<p>Vereinszweck ist die F\u00f6rderung und Pflege des Sports<br \/>\nDer Vereinszweck wird durch die Aus\u00fcbung des Kegelsports durch die Vereinsmitglieder verwirklicht.<\/p>\n<p><strong>b)\u00a0Sportliche Darstellung:<\/strong><br \/>\nDer SKV G\u00e4uboden e.V. versteht sich als sog. Hauptverein (KV) am 01.07.2010 haben sich dem KV folgende Sportkegelclubs angeschlossen:<br \/>\nSportkegelklub Aufw\u00e4rts Donauperle Straubing<\/p>\n<p style=\"text-align: justify;\"><span style=\"text-decoration: underline;\"><strong>Aktuelle Vorstandschaft (Neuwahlen von Juli 2024):<\/strong><\/span><\/p>\n<p style=\"text-align: justify;\"><span style=\"text-decoration: underline;\">1. Vorsitzender und 1.Sportwart:<\/span><br \/>\nAndreas Kattinger<br \/>\nKreuzfeld 12<br \/>\n94330 Aiterhofen &#8211; Geltolfing<br \/>\n09421 9369348<\/p>\n<p style=\"text-align: justify;\"><span style=\"font-size: 1rem;\">andreas.kattinger@yahoo.de<\/span><\/p>\n<p style=\"text-align: justify;\"><span style=\"text-decoration: underline;\">2. Vorsitzender:<\/span><br \/>\nKatja Kattinger<br \/>\nKreuzfeld 12<br \/>\n94330 Aiterhofen &#8211; Geltolfing<br \/>\n09421 9369348<\/p>\n<p><span style=\"text-decoration: underline;\">2.Sportwart:<\/span><br \/>\nMichael Bachl<br \/>\nDornierstr.78<br \/>\n94315 Straubing<br \/>\n09421 923006<\/p>\n<p>michi.bachl@web.de<\/p>\n<p style=\"text-align: justify;\"><span style=\"text-decoration: underline;\">Leiter der \u00d6ffentlichkeitsarbeit:<\/span><br \/>\nChristian Weber<br \/>\nDornierstr.78<br \/>\n94315 Straubing<br \/>\n09421 923006<br \/>\n<a href=\"mailto:chris300669@web.de\">chris300669@web.de<\/a><\/p>\n<p style=\"text-align: justify;\"><span style=\"text-decoration: underline;\">Gesch\u00e4ftsstelle &amp; Schatzmeister:<\/span><br \/>\nTobias Stauber<br \/>\nD\u00fcrnitzlstr.7<br \/>\n94315 Straubing<br \/>\n09421 72927<br \/>\n<a href=\"mailto:tobias.stauber@imail.de\">tobias.stauber@imail.de<\/a><\/p>\n","protected":false},"excerpt":{"rendered":"<p>Willkommen auf der Homepage von SKV G\u00e4uboden e.V. Sportkegelklub Aufw\u00e4rts Donauperle Straubing Vorstellung des Vereins a)\u00a0Rechtliche Darstellung: Sportkegelverein G\u00e4uboden e.V., mit Sitz in 94330 Aiterhofen Gegr\u00fcndet am 11. M\u00e4rz 2010 Eingetragen im Vereinsregister beim Amtsgericht Straubing Gemeinn\u00fctziger Verein lt. Bescheinigung des Finanzamtes Straubing Mitglied beim Bayerischen Sportkegler-Verband e.V. (BSKV) seit 01.06.2010 Mitglied beim Bayerischen Landes-Sportverband &hellip; <\/p>\n<p class=\"link-more\"><a href=\"https:\/\/www.aufwaerts-donauperle.de\/\" class=\"more-link\"><span class=\"screen-reader-text\">\u201eHauptverein\u201c <\/span>weiterlesen<\/a><\/p>\n","protected":false},"author":1,"featured_media":0,"parent":0,"menu_order":0,"comment_status":"closed","ping_status":"closed","template":"","meta":{"footnotes":""},"class_list":["post-54","page","type-page","status-publish","hentry"],"_links":{"self":[{"href":"https:\/\/www.aufwaerts-donauperle.de\/index.php?rest_route=\/wp\/v2\/pages\/54","targetHints":{"allow":["GET"]}}],"collection":[{"href":"https:\/\/www.aufwaerts-donauperle.de\/index.php?rest_route=\/wp\/v2\/pages"}],"about":[{"href":"https:\/\/www.aufwaerts-donauperle.de\/index.php?rest_route=\/wp\/v2\/types\/page"}],"author":[{"embeddable":true,"href":"https:\/\/www.aufwaerts-donauperle.de\/index.php?rest_route=\/wp\/v2\/users\/1"}],"replies":[{"embeddable":true,"href":"https:\/\/www.aufwaerts-donauperle.de\/index.php?rest_route=%2Fwp%2Fv2%2Fcomments&post=54"}],"version-history":[{"count":14,"href":"https:\/\/www.aufwaerts-donauperle.de\/index.php?rest_route=\/wp\/v2\/pages\/54\/revisions"}],"predecessor-version":[{"id":1383,"href":"https:\/\/www.aufwaerts-donauperle.de\/index.php?rest_route=\/wp\/v2\/pages\/54\/revisions\/1383"}],"wp:attachment":[{"href":"https:\/\/www.aufwaerts-donauperle.de\/index.php?rest_route=%2Fwp%2Fv2%2Fmedia&parent=54"}],"curies":[{"name":"wp","href":"https:\/\/api.w.org\/{rel}","templated":true}]}}