{"id":40,"date":"2017-07-06T14:18:20","date_gmt":"2017-07-06T14:18:20","guid":{"rendered":"http:\/\/www.aufwaerts-donauperle.de\/?page_id=40"},"modified":"2025-09-14T15:12:54","modified_gmt":"2025-09-14T15:12:54","slug":"2-mannschaft","status":"publish","type":"page","link":"https:\/\/www.aufwaerts-donauperle.de\/?page_id=40","title":{"rendered":"1. Mannschaft"},"content":{"rendered":"<h1><a href=\"https:\/\/www.aufwaerts-donauperle.de\/wp-content\/uploads\/2025\/09\/Spielplan-1._2025.pdf\"><strong>Spielplan 2025\/2026<\/strong><\/a><\/h1>\n<h1><strong>Spieler:<\/strong><\/h1>\n<p><img loading=\"lazy\" decoding=\"async\" class=\"size-medium wp-image-348\" src=\"http:\/\/www.aufwaerts-donauperle.de\/wp-content\/uploads\/2017\/11\/IMG_20171118_152111-225x300.jpg\" alt=\"\" width=\"225\" height=\"300\" srcset=\"https:\/\/www.aufwaerts-donauperle.de\/wp-content\/uploads\/2017\/11\/IMG_20171118_152111-225x300.jpg 225w, https:\/\/www.aufwaerts-donauperle.de\/wp-content\/uploads\/2017\/11\/IMG_20171118_152111-768x1024.jpg 768w\" sizes=\"auto, (max-width: 225px) 100vw, 225px\" \/><\/p>\n<p><strong>Michael Bachl<\/strong><\/p>\n<p>Jahrgang 1988<\/p>\n<p>Bisherige Clubs:<\/p>\n<p>Keglerfreunde Sand, Gut Holz Donauperle Straubing (seit 2002), Aufw\u00e4rts Donauperle Straubing<\/p>\n<p>Pers\u00f6nliche Bestleistung: 650 in Milbertshofen<\/p>\n<p><img loading=\"lazy\" decoding=\"async\" class=\"size-medium wp-image-359\" src=\"http:\/\/www.aufwaerts-donauperle.de\/wp-content\/uploads\/2017\/11\/IMG_20171118_125008-225x300.jpg\" alt=\"\" width=\"225\" height=\"300\" srcset=\"https:\/\/www.aufwaerts-donauperle.de\/wp-content\/uploads\/2017\/11\/IMG_20171118_125008-225x300.jpg 225w, https:\/\/www.aufwaerts-donauperle.de\/wp-content\/uploads\/2017\/11\/IMG_20171118_125008-768x1024.jpg 768w\" sizes=\"auto, (max-width: 225px) 100vw, 225px\" \/><\/p>\n<p><strong>Benedikt Schmid<\/strong><\/p>\n<p>Jahrgang 2000<\/p>\n<p>Bisherige Clubs:<\/p>\n<p>Gr\u00fcn Wei\u00df Niederwinkling, Aufw\u00e4rts Donauperle Straubing (seit 2017)<\/p>\n<p>Pers\u00f6nliche Bestleistung: 627 in M\u00fcnchen<\/p>\n<p><img loading=\"lazy\" decoding=\"async\" class=\"alignnone size-medium wp-image-352\" src=\"http:\/\/www.aufwaerts-donauperle.de\/wp-content\/uploads\/2017\/11\/IMG_20171118_152147-225x300.jpg\" alt=\"\" width=\"225\" height=\"300\" srcset=\"https:\/\/www.aufwaerts-donauperle.de\/wp-content\/uploads\/2017\/11\/IMG_20171118_152147-225x300.jpg 225w, https:\/\/www.aufwaerts-donauperle.de\/wp-content\/uploads\/2017\/11\/IMG_20171118_152147-768x1024.jpg 768w\" sizes=\"auto, (max-width: 225px) 100vw, 225px\" \/><\/p>\n<p><strong>Andreas Kattinger<\/strong><\/p>\n<p>Jahrgang 1979<\/p>\n<p>Bisherige Clubs:<\/p>\n<p>79 Aufw\u00e4rts Straubing (seit 1993), Aufw\u00e4rts Donauperle Straubing<\/p>\n<p>Pers\u00f6nliche Bestleistung: 622 in Straubing (Keglerhalle)<\/p>\n<p><img loading=\"lazy\" decoding=\"async\" class=\"size-medium wp-image-356\" src=\"http:\/\/www.aufwaerts-donauperle.de\/wp-content\/uploads\/2017\/11\/IMG_20171118_153905-225x300.jpg\" alt=\"\" width=\"225\" height=\"300\" srcset=\"https:\/\/www.aufwaerts-donauperle.de\/wp-content\/uploads\/2017\/11\/IMG_20171118_153905-225x300.jpg 225w, https:\/\/www.aufwaerts-donauperle.de\/wp-content\/uploads\/2017\/11\/IMG_20171118_153905-768x1024.jpg 768w\" sizes=\"auto, (max-width: 225px) 100vw, 225px\" \/><\/p>\n<p><strong>Dalibor Majstorovic<\/strong><\/p>\n<p>Jahrgang 1978<\/p>\n<p>Bisherige Clubs:<\/p>\n<p>79 Aufw\u00e4rts Straubing (seit 1995), Aufw\u00e4rts Donauperle Straubing<\/p>\n<p>Pers\u00f6nliche Bestleistung: 604 in Milbertshofen<\/p>\n<p><img loading=\"lazy\" decoding=\"async\" class=\"size-medium wp-image-354\" src=\"http:\/\/www.aufwaerts-donauperle.de\/wp-content\/uploads\/2017\/11\/IMG_20171118_152300-225x300.jpg\" alt=\"\" width=\"225\" height=\"300\" srcset=\"https:\/\/www.aufwaerts-donauperle.de\/wp-content\/uploads\/2017\/11\/IMG_20171118_152300-225x300.jpg 225w, https:\/\/www.aufwaerts-donauperle.de\/wp-content\/uploads\/2017\/11\/IMG_20171118_152300-768x1024.jpg 768w\" sizes=\"auto, (max-width: 225px) 100vw, 225px\" \/><\/p>\n<p><strong>Anton Schwarzensteiner<\/strong><\/p>\n<p>Jahrgang 1963<\/p>\n<p>Bisherige Clubs:<\/p>\n<p>Zur Br\u00fccke Salching, SKK Straubing Salching, Aufw\u00e4rts Donauperle Straubing (seit 2010)<\/p>\n<p>Pers\u00f6nliche Bestleistung: 624 in Straubing (Racheslstrasse)<\/p>\n<p><img loading=\"lazy\" decoding=\"async\" class=\"size-medium wp-image-364 alignnone\" src=\"http:\/\/www.aufwaerts-donauperle.de\/wp-content\/uploads\/2017\/11\/IMG_20171118_153353-225x300.jpg\" alt=\"\" width=\"225\" height=\"300\" srcset=\"https:\/\/www.aufwaerts-donauperle.de\/wp-content\/uploads\/2017\/11\/IMG_20171118_153353-225x300.jpg 225w, https:\/\/www.aufwaerts-donauperle.de\/wp-content\/uploads\/2017\/11\/IMG_20171118_153353-768x1024.jpg 768w\" sizes=\"auto, (max-width: 225px) 100vw, 225px\" \/><\/p>\n<p><strong>Tobias Stauber<\/strong><\/p>\n<p>Jahrgang 1978<\/p>\n<p>Bisherige Clubs:<\/p>\n<p>Gut Holz Donauperle Straubing (seit 1994), 79 Aufw\u00e4rts Straubing, Aufw\u00e4rts Donauperle Straubing (seit 2010)<\/p>\n<p>Pers\u00f6nliche Bestleistung: 604 in M\u00fcnchen<\/p>\n<p><img loading=\"lazy\" decoding=\"async\" class=\"size-medium wp-image-363\" src=\"http:\/\/www.aufwaerts-donauperle.de\/wp-content\/uploads\/2017\/11\/IMG_20171118_150426-225x300.jpg\" alt=\"\" width=\"225\" height=\"300\" srcset=\"https:\/\/www.aufwaerts-donauperle.de\/wp-content\/uploads\/2017\/11\/IMG_20171118_150426-225x300.jpg 225w, https:\/\/www.aufwaerts-donauperle.de\/wp-content\/uploads\/2017\/11\/IMG_20171118_150426-768x1024.jpg 768w\" sizes=\"auto, (max-width: 225px) 100vw, 225px\" \/><\/p>\n<p><strong>Hans &#8211; J\u00fcrgen V\u00f6ltl<\/strong><\/p>\n<p>Jahrgang 1973<\/p>\n<p>Bisherige Clubs:<\/p>\n<p>Sonnenkegler Deggendorf, Gut Holz Donauperle Straubing (seit 2008), Aufw\u00e4rts Donauperle Straubing<\/p>\n<p>Pers\u00f6nliche Bestleistung: 603 in Straubing (Keglerhalle)<\/p>\n\n\n<figure class=\"wp-block-image\" id=\"block-e0afdf3d-e089-4ba9-b89b-dc533c40491d\"><img decoding=\"async\" src=\"http:\/\/www.aufwaerts-donauperle.de\/wp-content\/uploads\/2017\/11\/IMG_20171118_125159-225x300.jpg\" alt=\"Dieses Bild hat ein leeres Alt-Attribut. Der Dateiname ist IMG_20171118_125159-225x300.jpg\"\/><\/figure>\n\n\n\n<p id=\"block-bff22e90-021d-4c12-be0f-d21a9a8d9411\"><strong>Thomas Schwarzensteiner<\/strong><\/p>\n\n\n\n<p id=\"block-0ee6ad5e-1494-4b4a-96f9-3572f2a925d5\">Jahrgang 1990<\/p>\n\n\n\n<p id=\"block-be281b03-ef6a-4066-ae8a-93ae954094d8\">Bisherige Clubs:<\/p>\n\n\n\n<p id=\"block-4e315611-d52c-40b3-b1a2-a3ca0333585b\">Aufw\u00e4rts Donauperle Straubing (seit 2010), Schwarz Wei\u00df Straubing, Aufw\u00e4rts Donauperle Straubing<\/p>\n\n\n\n<p id=\"block-9542840f-a2ad-42fa-b011-0cfb2454d9fa\">Pers\u00f6nliche Bestleistung: 580 in M\u00fcnchen<\/p>\n","protected":false},"excerpt":{"rendered":"<p>Spielplan 2025\/2026 Spieler: Michael Bachl Jahrgang 1988 Bisherige Clubs: Keglerfreunde Sand, Gut Holz Donauperle Straubing (seit 2002), Aufw\u00e4rts Donauperle Straubing Pers\u00f6nliche Bestleistung: 650 in Milbertshofen Benedikt Schmid Jahrgang 2000 Bisherige Clubs: Gr\u00fcn Wei\u00df Niederwinkling, Aufw\u00e4rts Donauperle Straubing (seit 2017) Pers\u00f6nliche Bestleistung: 627 in M\u00fcnchen Andreas Kattinger Jahrgang 1979 Bisherige Clubs: 79 Aufw\u00e4rts Straubing (seit 1993), &hellip; <\/p>\n<p class=\"link-more\"><a href=\"https:\/\/www.aufwaerts-donauperle.de\/?page_id=40\" class=\"more-link\"><span class=\"screen-reader-text\">\u201e1. Mannschaft\u201c <\/span>weiterlesen<\/a><\/p>\n","protected":false},"author":1,"featured_media":0,"parent":11,"menu_order":0,"comment_status":"closed","ping_status":"closed","template":"","meta":{"footnotes":""},"class_list":["post-40","page","type-page","status-publish","hentry"],"_links":{"self":[{"href":"https:\/\/www.aufwaerts-donauperle.de\/index.php?rest_route=\/wp\/v2\/pages\/40","targetHints":{"allow":["GET"]}}],"collection":[{"href":"https:\/\/www.aufwaerts-donauperle.de\/index.php?rest_route=\/wp\/v2\/pages"}],"about":[{"href":"https:\/\/www.aufwaerts-donauperle.de\/index.php?rest_route=\/wp\/v2\/types\/page"}],"author":[{"embeddable":true,"href":"https:\/\/www.aufwaerts-donauperle.de\/index.php?rest_route=\/wp\/v2\/users\/1"}],"replies":[{"embeddable":true,"href":"https:\/\/www.aufwaerts-donauperle.de\/index.php?rest_route=%2Fwp%2Fv2%2Fcomments&post=40"}],"version-history":[{"count":80,"href":"https:\/\/www.aufwaerts-donauperle.de\/index.php?rest_route=\/wp\/v2\/pages\/40\/revisions"}],"predecessor-version":[{"id":1509,"href":"https:\/\/www.aufwaerts-donauperle.de\/index.php?rest_route=\/wp\/v2\/pages\/40\/revisions\/1509"}],"up":[{"embeddable":true,"href":"https:\/\/www.aufwaerts-donauperle.de\/index.php?rest_route=\/wp\/v2\/pages\/11"}],"wp:attachment":[{"href":"https:\/\/www.aufwaerts-donauperle.de\/index.php?rest_route=%2Fwp%2Fv2%2Fmedia&parent=40"}],"curies":[{"name":"wp","href":"https:\/\/api.w.org\/{rel}","templated":true}]}}