{"id":1515,"date":"2025-09-14T15:24:22","date_gmt":"2025-09-14T15:24:22","guid":{"rendered":"https:\/\/www.aufwaerts-donauperle.de\/?page_id=1515"},"modified":"2025-09-21T17:42:12","modified_gmt":"2025-09-21T17:42:12","slug":"mannschaft-g2","status":"publish","type":"page","link":"https:\/\/www.aufwaerts-donauperle.de\/?page_id=1515","title":{"rendered":"Mannschaft G2"},"content":{"rendered":"\n<h2 class=\"wp-block-heading has-large-font-size\"><strong><strong><a href=\"https:\/\/www.aufwaerts-donauperle.de\/wp-content\/uploads\/2025\/09\/Spielplan-3._2025.pdf\">Spielplan 2025\/2026<\/a><\/strong><\/strong><\/h2>\n\n\n\n<h1 class=\"wp-block-heading\"><strong>Spieler:<\/strong><\/h1>\n\n\n\n<p><strong>Michael Liewald<\/strong><\/p>\n\n\n\n<p>Jahrgang 1980<\/p>\n\n\n\n<p>Bisherige Clubs: <\/p>\n\n\n\n<p>Alt Straubing<\/p>\n\n\n\n<p>Pers\u00f6nliche Bestleistung: 529 in Plattling<\/p>\n\n\n\n<p><strong>Karl Fischer<\/strong><\/p>\n\n\n\n<p>Jahrgang 1954<\/p>\n\n\n\n<p>Bisherige Clubs:<\/p>\n\n\n\n<p>Schwarz Wei\u00df Straubing, KC Straubing<\/p>\n\n\n\n<p>Pers\u00f6nliche Bestleistung: <\/p>\n\n\n\n<p><strong>Helmuth Rainer<\/strong><\/p>\n\n\n\n<p>Jahrgang 1959<\/p>\n\n\n\n<p>Bisherige Clubs: <\/p>\n\n\n\n<p>SKK Salching, KC Straubing<\/p>\n\n\n\n<p>Pers\u00f6nliche Bestleistung:<\/p>\n\n\n\n<p><strong>Ernst Bogner<\/strong><\/p>\n\n\n\n<p>Jahrgang 1948<\/p>\n\n\n\n<p>Bisherige Clubs:<\/p>\n\n\n\n<p>SKK Salching, KC Straubing<\/p>\n\n\n\n<p>Pers\u00f6nliche Bestleistung:<\/p>\n\n\n\n<p><strong>Peter Heide<\/strong><\/p>\n\n\n\n<p>Jahrgang 1958<\/p>\n\n\n\n<p>Bisherige Clubs:<\/p>\n\n\n\n<p>SKK Salching, KC Straubing<\/p>\n\n\n\n<p>Pers\u00f6nliche Bestleistung:<\/p>\n\n\n\n<p><strong>Erich Prei\u00df<\/strong><\/p>\n\n\n\n<p>Jahrgang 1967<\/p>\n\n\n\n<p>Bisherige Clubs:<\/p>\n\n\n\n<p>S\u00fcd Straubing, KC Straubing<\/p>\n\n\n\n<p>Pers\u00f6nliche Bestleistung:<\/p>\n","protected":false},"excerpt":{"rendered":"<p>Spielplan 2025\/2026 Spieler: Michael Liewald Jahrgang 1980 Bisherige Clubs: Alt Straubing Pers\u00f6nliche Bestleistung: 529 in Plattling Karl Fischer Jahrgang 1954 Bisherige Clubs: Schwarz Wei\u00df Straubing, KC Straubing Pers\u00f6nliche Bestleistung: Helmuth Rainer Jahrgang 1959 Bisherige Clubs: SKK Salching, KC Straubing Pers\u00f6nliche Bestleistung: Ernst Bogner Jahrgang 1948 Bisherige Clubs: SKK Salching, KC Straubing Pers\u00f6nliche Bestleistung: Peter Heide &hellip; <\/p>\n<p class=\"link-more\"><a href=\"https:\/\/www.aufwaerts-donauperle.de\/?page_id=1515\" class=\"more-link\"><span class=\"screen-reader-text\">\u201eMannschaft G2\u201c <\/span>weiterlesen<\/a><\/p>\n","protected":false},"author":2,"featured_media":0,"parent":11,"menu_order":0,"comment_status":"closed","ping_status":"closed","template":"","meta":{"footnotes":""},"class_list":["post-1515","page","type-page","status-publish","hentry"],"_links":{"self":[{"href":"https:\/\/www.aufwaerts-donauperle.de\/index.php?rest_route=\/wp\/v2\/pages\/1515","targetHints":{"allow":["GET"]}}],"collection":[{"href":"https:\/\/www.aufwaerts-donauperle.de\/index.php?rest_route=\/wp\/v2\/pages"}],"about":[{"href":"https:\/\/www.aufwaerts-donauperle.de\/index.php?rest_route=\/wp\/v2\/types\/page"}],"author":[{"embeddable":true,"href":"https:\/\/www.aufwaerts-donauperle.de\/index.php?rest_route=\/wp\/v2\/users\/2"}],"replies":[{"embeddable":true,"href":"https:\/\/www.aufwaerts-donauperle.de\/index.php?rest_route=%2Fwp%2Fv2%2Fcomments&post=1515"}],"version-history":[{"count":14,"href":"https:\/\/www.aufwaerts-donauperle.de\/index.php?rest_route=\/wp\/v2\/pages\/1515\/revisions"}],"predecessor-version":[{"id":1557,"href":"https:\/\/www.aufwaerts-donauperle.de\/index.php?rest_route=\/wp\/v2\/pages\/1515\/revisions\/1557"}],"up":[{"embeddable":true,"href":"https:\/\/www.aufwaerts-donauperle.de\/index.php?rest_route=\/wp\/v2\/pages\/11"}],"wp:attachment":[{"href":"https:\/\/www.aufwaerts-donauperle.de\/index.php?rest_route=%2Fwp%2Fv2%2Fmedia&parent=1515"}],"curies":[{"name":"wp","href":"https:\/\/api.w.org\/{rel}","templated":true}]}}