{"id":140,"date":"2017-07-10T15:15:07","date_gmt":"2017-07-10T15:15:07","guid":{"rendered":"http:\/\/www.aufwaerts-donauperle.de\/?page_id=140"},"modified":"2026-04-19T07:25:48","modified_gmt":"2026-04-19T07:25:48","slug":"aktuelles","status":"publish","type":"page","link":"https:\/\/www.aufwaerts-donauperle.de\/?page_id=140","title":{"rendered":"Aktuelles"},"content":{"rendered":"\n<ol class=\"wp-block-list\">\n<li>Mannschaft: Aufw\u00e4rts Donauperle &#8211; Zolling: 2:6. <\/li>\n\n\n\n<li>Gemischt 1: Aufw\u00e4rts Donauperle &#8211; Stephansposching 4: 4,5:1,5<\/li>\n\n\n\n<li>Gemischt 2: Aufw\u00e4rts Donauperle &#8211; Stephansposching G1: 5:1<\/li>\n<\/ol>\n\n\n\n<p><strong>Platzierungen am Ende der Saison:<\/strong><\/p>\n\n\n\n<ol class=\"wp-block-list\">\n<li>Mannschaft in der Bezirksoberliga Niederbayern: 2. Platz<\/li>\n\n\n\n<li>Mannschaft in der Kreisklasse: 1. Platz und Aufstieg<\/li>\n\n\n\n<li>Mannschaft in der Kreisklasse A: 1 Platz und Aufstieg <\/li>\n<\/ol>\n\n\n<p><strong>Der Club Aufw\u00e4rts Donauperle Straubing spielt in der Keglerhalle Straubing, Am Petersw\u00f6hrd, 94315 Straubing.\u00a0<\/strong><\/p>\n<h4>\u00a0Vorstandschaft:<\/h4>\n<p>1.\u00a0 Vorstand: Andreas Kattinger<\/p>\n<p>2. Vorstand: Katja Kattinger<\/p>\n<p>1.\u00a0 Sportwart: Andreas Kattinger<\/p>\n<p>Kassier: Tobias Stauber<\/p>\n<p>Schriftf\u00fchrer, Ld\u00d6: Christian Weber<\/p>\n<h4>Kassenpr\u00fcfer:<\/h4>\n<p>Ernst Bachl, Manfred Zorn<\/p>\n<h4>Leiter der Gesch\u00e4ftsstelle:<\/h4>\n<p>Tobias Stauber<\/p>\n<h4><strong>Steuern und Finanzen:<\/strong><\/h4>\n<p>Richard Weber<\/p>\n<p><strong>Ehrenvorsitzender:<\/strong><\/p>\n<p>Richard Weber<\/p>\n<h1>\u00a0<a href=\"http:\/\/www.aufwaerts-donauperle.de\/wp-content\/uploads\/2017\/12\/Ehrungen-EB-AS-MB.pdf\">Ehrungen EB AS MB<\/a><\/h1>\n<p><img loading=\"lazy\" decoding=\"async\" class=\"alignnone size-medium wp-image-399\" src=\"http:\/\/www.aufwaerts-donauperle.de\/wp-content\/uploads\/2017\/12\/DSCF1309-300x225.jpg\" alt=\"\" width=\"300\" height=\"225\" srcset=\"https:\/\/www.aufwaerts-donauperle.de\/wp-content\/uploads\/2017\/12\/DSCF1309-300x225.jpg 300w, https:\/\/www.aufwaerts-donauperle.de\/wp-content\/uploads\/2017\/12\/DSCF1309-768x576.jpg 768w, https:\/\/www.aufwaerts-donauperle.de\/wp-content\/uploads\/2017\/12\/DSCF1309-1024x768.jpg 1024w\" sizes=\"auto, (max-width: 300px) 100vw, 300px\" \/><\/p>","protected":false},"excerpt":{"rendered":"<p>Platzierungen am Ende der Saison: Der Club Aufw\u00e4rts Donauperle Straubing spielt in der Keglerhalle Straubing, Am Petersw\u00f6hrd, 94315 Straubing.\u00a0 \u00a0Vorstandschaft: 1.\u00a0 Vorstand: Andreas Kattinger 2. Vorstand: Katja Kattinger 1.\u00a0 Sportwart: Andreas Kattinger Kassier: Tobias Stauber Schriftf\u00fchrer, Ld\u00d6: Christian Weber Kassenpr\u00fcfer: Ernst Bachl, Manfred Zorn Leiter der Gesch\u00e4ftsstelle: Tobias Stauber Steuern und Finanzen: Richard Weber Ehrenvorsitzender: &hellip; <\/p>\n<p class=\"link-more\"><a href=\"https:\/\/www.aufwaerts-donauperle.de\/?page_id=140\" class=\"more-link\"><span class=\"screen-reader-text\">\u201eAktuelles\u201c <\/span>weiterlesen<\/a><\/p>\n","protected":false},"author":2,"featured_media":0,"parent":0,"menu_order":0,"comment_status":"closed","ping_status":"closed","template":"","meta":{"footnotes":""},"class_list":["post-140","page","type-page","status-publish","hentry"],"_links":{"self":[{"href":"https:\/\/www.aufwaerts-donauperle.de\/index.php?rest_route=\/wp\/v2\/pages\/140","targetHints":{"allow":["GET"]}}],"collection":[{"href":"https:\/\/www.aufwaerts-donauperle.de\/index.php?rest_route=\/wp\/v2\/pages"}],"about":[{"href":"https:\/\/www.aufwaerts-donauperle.de\/index.php?rest_route=\/wp\/v2\/types\/page"}],"author":[{"embeddable":true,"href":"https:\/\/www.aufwaerts-donauperle.de\/index.php?rest_route=\/wp\/v2\/users\/2"}],"replies":[{"embeddable":true,"href":"https:\/\/www.aufwaerts-donauperle.de\/index.php?rest_route=%2Fwp%2Fv2%2Fcomments&post=140"}],"version-history":[{"count":270,"href":"https:\/\/www.aufwaerts-donauperle.de\/index.php?rest_route=\/wp\/v2\/pages\/140\/revisions"}],"predecessor-version":[{"id":1639,"href":"https:\/\/www.aufwaerts-donauperle.de\/index.php?rest_route=\/wp\/v2\/pages\/140\/revisions\/1639"}],"wp:attachment":[{"href":"https:\/\/www.aufwaerts-donauperle.de\/index.php?rest_route=%2Fwp%2Fv2%2Fmedia&parent=140"}],"curies":[{"name":"wp","href":"https:\/\/api.w.org\/{rel}","templated":true}]}}